{"id":33,"date":"2013-09-13T15:03:07","date_gmt":"2013-09-13T15:03:07","guid":{"rendered":"http:\/\/demo.krownthemes.com\/huge\/?page_id=33"},"modified":"2024-12-10T23:15:21","modified_gmt":"2024-12-10T23:15:21","slug":"services","status":"publish","type":"page","link":"https:\/\/juanjogana.com.ar\/index.php\/services\/","title":{"rendered":"Servicios"},"content":{"rendered":"<h2><span style=\"color: #999999;\"><strong>Servicios<\/strong><\/span><\/h2>\n<h5><span style=\"color: #000000;\"><div class=\"krown-tabs vertical clearfix\"><ul class=\"titles clearfix autop\"> <li class=\"opened\"><h5 class=\"krown-icon-pencil-2\">Dise\u00f1o gr\u00e1fico<\/h5><\/li> <li><h5 class=\"krown-icon-diamond\">Identidad Corporativa | Branding<\/h5><\/li> <li><h5 class=\"krown-icon-megaphone-2\">Publicidad<\/h5><\/li> <li><h5 class=\"krown-icon-globe-2\">P\u00e1ginas web<\/h5><\/li> <li><h5 class=\"krown-icon-facebook-squared\">Community Manager<\/h5><\/li> <li><h5 class=\"krown-icon-cloud\">Hosting<\/h5><\/li> <li><h5 class=\"krown-icon-print\">Impresi\u00f3n<\/h5><\/li> <\/ul><div class=\"contents clearfix autop\"><div> Servicio de comunicaci\u00f3n integral: Dise\u00f1ando todo tipo de gr\u00e1fica, como Papeler\u00eda, Brochures, Folletos, Flyers, Tarjetas, Revistas, Cat\u00e1logos, Afiches, Banners, Gr\u00e1fica vehicular, carteler\u00eda, packaging, se\u00f1al\u00e9tica, etc. <\/div><div> Dise\u00f1o de marcas de alto rendimiento, Logos\u00edmbolos, Creaci\u00f3n de\u00a0Naming, Slogans, Manuales de uso. <\/div><div> Campa\u00f1as Publicitarias estrat\u00e9gicas satisfaciendo tus necesidades de marketing, mediante avisos publicados correctamente para llegar a tu p\u00fablico en todos los medios digitales e impresos. <\/div><div> Websites: Dise\u00f1o y desarrollo de p\u00e1ginas web: Html5, Responsive Desing. Sistemas de programaci\u00f3n. Dise\u00f1os exclusivos o en plataforma WordPress. Animaciones Flash. <\/div><div> Manejo y administraci\u00f3n de redes sociales. A trav\u00e9s del dise\u00f1o creativo, transmitimos tus mensajes a tu p\u00fablico en todas las redes.<br \/>\nCreaci\u00f3n de p\u00e1ginas, dise\u00f1o de portadas y publicaciones de contenidos estrat\u00e9gicos.<br \/>\n<\/div><div> Servicio propio de alojamiento de sitios web en internet. Webmail. Casillas de emails ilimitadas. Registros de dominios nacionales e internacionales. Cpanel. Seguridad mediante certificados SSL. Soporte. <\/div><div> Service Bureau de diferentes sistemas, como Offset, Serigraf\u00eda, L\u00e1ser, Pl\u00f3ters de corte e imagen, Sublimaci\u00f3n, Tampograf\u00eda, Flexograf\u00eda. Asesoramiento. <\/div><\/div><\/div><\/span><\/h5>\n","protected":false},"excerpt":{"rendered":"<p>Servicios<\/p>\n","protected":false},"author":1,"featured_media":0,"parent":0,"menu_order":0,"comment_status":"open","ping_status":"open","template":"","meta":{"footnotes":""},"class_list":["post-33","page","type-page","status-publish","hentry"],"_links":{"self":[{"href":"https:\/\/juanjogana.com.ar\/index.php\/wp-json\/wp\/v2\/pages\/33","targetHints":{"allow":["GET"]}}],"collection":[{"href":"https:\/\/juanjogana.com.ar\/index.php\/wp-json\/wp\/v2\/pages"}],"about":[{"href":"https:\/\/juanjogana.com.ar\/index.php\/wp-json\/wp\/v2\/types\/page"}],"author":[{"embeddable":true,"href":"https:\/\/juanjogana.com.ar\/index.php\/wp-json\/wp\/v2\/users\/1"}],"replies":[{"embeddable":true,"href":"https:\/\/juanjogana.com.ar\/index.php\/wp-json\/wp\/v2\/comments?post=33"}],"version-history":[{"count":26,"href":"https:\/\/juanjogana.com.ar\/index.php\/wp-json\/wp\/v2\/pages\/33\/revisions"}],"predecessor-version":[{"id":2775,"href":"https:\/\/juanjogana.com.ar\/index.php\/wp-json\/wp\/v2\/pages\/33\/revisions\/2775"}],"wp:attachment":[{"href":"https:\/\/juanjogana.com.ar\/index.php\/wp-json\/wp\/v2\/media?parent=33"}],"curies":[{"name":"wp","href":"https:\/\/api.w.org\/{rel}","templated":true}]}}